{"id":3,"date":"2019-07-29T15:05:26","date_gmt":"2019-07-29T15:05:26","guid":{"rendered":"http:\/\/tc.treballdecamp.cat\/?page_id=3"},"modified":"2022-03-21T15:22:10","modified_gmt":"2022-03-21T15:22:10","slug":"privacy-policy","status":"publish","type":"page","link":"http:\/\/treballdecamp.com\/en\/privacy-policy","title":{"rendered":"Pol\u00edtica de privacitat"},"content":{"rendered":"<p>El Titular es compromet a complir amb la normativa en mat\u00e8ria de Protecci\u00f3 de Dades de car\u00e0cter personal i a respectar la privadesa dels Usuaris. L&#8217;objectiu \u00e9s oferir el millor servei a l&#8217;Usuari i per aix\u00f2 cal comptar amb les vostres dades.<\/p>\n<ol>\n<li><strong> Responsable del Tractament<\/strong><\/li>\n<\/ol>\n<p style=\"padding-left: 40px;\">GAPS POL\u00cdTICA I SOCIETAT, S.L.<\/p>\n<p style=\"padding-left: 40px;\">NIF: B62956784<\/p>\n<p style=\"padding-left: 40px;\">Domicili: Passatge Bocabella 5. 08013. Barcelona<\/p>\n<p style=\"padding-left: 40px;\">Tel\u00e8fon: 93 208 25 90<strong>\u00a0<\/strong><\/p>\n<ol start=\"2\">\n<li><strong> Finalitats i legitimaci\u00f3<\/strong><\/li>\n<\/ol>\n<p style=\"padding-left: 40px;\">Atenci\u00f3 de consultes: Atendre les consultes de l&#8217;Usuari que es posi en contacte a trav\u00e9s dels Formularis o eines de comunicaci\u00f3 amb l&#8217;Usuari al Lloc Web. La base leg\u00edtima del tractament \u00e9s el consentiment de l&#8217;usuari, d&#8217;acord amb l&#8217;art. 6.1.a) del RGPD.<\/p>\n<p style=\"padding-left: 40px;\">Dades de navegaci\u00f3: Dades recollides per les galetes pr\u00f2pies o de tercers que puguin ser generades per aquest Lloc Web havent estat informat l&#8217;Usuari i acceptant-les. La base leg\u00edtima del tractament \u00e9s el consentiment de l&#8217;usuari, d&#8217;acord amb l&#8217;art. 6.1.a) del RGPD.<\/p>\n<ol start=\"3\">\n<li><strong> Termini de conservaci\u00f3<\/strong><\/li>\n<\/ol>\n<p style=\"padding-left: 40px;\">Les dades es conservaran mentre es mantingui la relaci\u00f3 i no se&#8217;n sol\u00b7liciti la supressi\u00f3 i en qualsevol cas en compliment de terminis legals de prescripci\u00f3 que li siguin aplicables.<strong>\u00a0<\/strong><\/p>\n<ol start=\"4\">\n<li><strong> Cessions<\/strong><\/li>\n<\/ol>\n<p style=\"padding-left: 40px;\">No es tenen previstes cessions de les dades recollides a trav\u00e9s d&#8217;aquest Lloc Web a tercers, llevat que expressament s&#8217;indiqui, si escau, al text informatiu corresponent.<\/p>\n<p style=\"padding-left: 40px;\">Pel que fa a la gesti\u00f3 dels serveis, les dades dels Usuaris podran ser tractades per empreses que prestin al Titular diversos serveis, entre d&#8217;altres, d&#8217;enviament, missatgeria, comptabilitat, assessoria, manteniment inform\u00e0tic, o qualsevol altre que per la seva condici\u00f3 d&#8217;Encarregada del Tractament sigui indispensable o inevitable que accedeixin o tractin aquestes dades. Aquest tractament no ser\u00e0 considerat en cap cas una cessi\u00f3 de dades.<strong>\u00a0<\/strong><\/p>\n<ol start=\"5\">\n<li><strong> Drets dels interessats<\/strong><\/li>\n<\/ol>\n<p style=\"padding-left: 40px;\">Els Usuaris poden exercitar els seus drets d&#8217;acc\u00e9s, rectificaci\u00f3, supressi\u00f3, portabilitat i la limitaci\u00f3 o oposici\u00f3 enviant sol\u00b7licitud signada per correu postal amb assumpte \u201cProtecci\u00f3 de Dades\u201d, a l&#8217;adre\u00e7a: Passatge Bocabella 5. 08013. Barcelona, \u200b\u200bindicant clarament les dades de contacte i remetent c\u00f2pia del seu document d&#8217;identitat o enviant sol\u00b7licitud per correu electr\u00f2nic amb assumpte \u201cExercici de Drets\u201d, a dpo@improve-us.com, des del mateix compte de correu electr\u00f2nic que va facilitar. Els Usuaris tenen dret a retirar el consentiment prestat i tenen dret a reclamar davant de l&#8217;Autoritat de Control (Ag\u00e8ncia Espanyola de Protecci\u00f3 de Dades www.aepd.es).<\/p>\n<p style=\"padding-left: 40px;\">S&#8217;informa que el Delegat de Protecci\u00f3 de Dades \u00e9s: Grup Datcon Sur S.L.U., C\/ Dr. Duarte Acosta 7, 1.24, 11500, El Port de Santa Maria, Cadis, ejerciciodrets@grupodatcon.com.<strong>\u00a0<\/strong><\/p>\n<ol start=\"6\">\n<li><strong> Camps de text lliure<\/strong><\/li>\n<\/ol>\n<p style=\"padding-left: 40px;\">Els camps de text lliure que, a disposici\u00f3 de l&#8217;Usuari, puguin apar\u00e8ixer als formularis del Lloc Web tenen com a \u00fanica i exclusiva finalitat demanar informaci\u00f3 per millorar la qualitat dels Serveis.<\/p>\n<p style=\"padding-left: 40px;\">L&#8217;Usuari no inclour\u00e0, en aquells espais que el Lloc Web pugui oferir com a &#8220;camps de text lliure&#8221;, cap dada de car\u00e0cter personal que pugui ser qualificada dins d&#8217;aquelles dades per a les quals s&#8217;exigeix \u200b\u200bun nivell de protecci\u00f3 especial, entenent-se com a tals dades , a t\u00edtol enunciatiu i no limitatiu, els relatius a situaci\u00f3 economicofinancera, perfils psicol\u00f2gics, ideologia, religi\u00f3, creences, afiliaci\u00f3 sindical, salut, origen racial i\/o vida sexual.<strong>\u00a0<\/strong><\/p>\n<ol start=\"7\">\n<li><strong> Camps no obligatoris<\/strong><\/li>\n<\/ol>\n<p style=\"padding-left: 40px;\">El Titular comunica a l&#8217;Usuari el car\u00e0cter no obligatori de la recollida d&#8217;algunes dades, llevat dels camps que s&#8217;indiqui el contrari mitjan\u00e7ant un (*). No obstant aix\u00f2, la no emplenar aquestes dades pot impedir prestar tots aquells serveis vinculats a aquestes dades, alliberant-lo de tota responsabilitat per la no prestaci\u00f3 o prestaci\u00f3 incompleta d&#8217;aquests serveis.<strong>\u00a0<\/strong><\/p>\n<ol start=\"8\">\n<li><strong> Acc\u00e9s i rectificaci\u00f3 de les dades personals<\/strong><\/li>\n<\/ol>\n<p style=\"padding-left: 40px;\">L&#8217;Usuari es compromet a proporcionar informaci\u00f3 certa en relaci\u00f3 amb les vostres dades personals, i mantenir les dades facilitades al Titular sempre actualitzades. L&#8217;Usuari respondr\u00e0, en qualsevol cas, de la veracitat de les dades facilitades, i el Titular es reserva el dret d&#8217;excloure dels serveis a tot Usuari que hagi facilitat dades falses, sens perjudici de les altres accions que siguin procedents en Dret. Les dades facilitades per l&#8217;Usuari es presumiran correctes, per la qual cosa, en cas d&#8217;enviament erroni de les seves dades per part de l&#8217;Usuari, el Titular, declina qualsevol responsabilitat en cas de la incorrecta execuci\u00f3 o no execuci\u00f3 de l&#8217;enviament, aix\u00ed com el compliment incorrecte dels tr\u00e0mits administratius necessaris.<strong>\u00a0<\/strong><\/p>\n<ol start=\"9\">\n<li><strong> Confidencialitat<\/strong><\/li>\n<\/ol>\n<p style=\"padding-left: 40px;\">A m\u00e9s, tamb\u00e9 tindr\u00e0 la condici\u00f3 de confidencial la informaci\u00f3 de qualsevol tipus que les parts intercanvi\u00efn entre si, aquella que aquestes acordin que t\u00e9 aquesta naturalesa, o la que simplement veure&#8217;s sobre el contingut d&#8217;aquesta informaci\u00f3. La visualitzaci\u00f3 de dades a trav\u00e9s d&#8217;Internet no suposar\u00e0 l&#8217;acc\u00e9s directe a les mateixes, llevat del consentiment expr\u00e9s del seu titular per a cada ocasi\u00f3.<\/p>\n<p>&nbsp;<\/p>","protected":false},"excerpt":{"rendered":"<p>El Titular es compromet a complir amb la normativa en mat\u00e8ria de Protecci\u00f3 de Dades de car\u00e0cter personal i a respectar la privadesa dels Usuaris. L&#8217;objectiu \u00e9s oferir el millor servei a l&#8217;Usuari i per aix\u00f2 cal comptar amb les vostres dades. Responsable del Tractament GAPS POL\u00cdTICA I SOCIETAT, S.L. NIF: B62956784 Domicili: Passatge Bocabella [&hellip;]<\/p>\n","protected":false},"author":1,"featured_media":0,"parent":0,"menu_order":0,"comment_status":"closed","ping_status":"open","template":"","meta":{"site-sidebar-layout":"default","site-content-layout":"default","ast-site-content-layout":"","site-content-style":"default","site-sidebar-style":"default","ast-global-header-display":"","ast-banner-title-visibility":"","ast-main-header-display":"","ast-hfb-above-header-display":"","ast-hfb-below-header-display":"","ast-hfb-mobile-header-display":"","site-post-title":"","ast-breadcrumbs-content":"","ast-featured-img":"","footer-sml-layout":"","theme-transparent-header-meta":"default","adv-header-id-meta":"","stick-header-meta":"","header-above-stick-meta":"","header-main-stick-meta":"","header-below-stick-meta":"","astra-migrate-meta-layouts":"default","ast-page-background-enabled":"default","ast-page-background-meta":{"desktop":{"background-color":"var(--ast-global-color-4)","background-image":"","background-repeat":"repeat","background-position":"center center","background-size":"auto","background-attachment":"scroll","background-type":"","background-media":"","overlay-type":"","overlay-color":"","overlay-gradient":""},"tablet":{"background-color":"","background-image":"","background-repeat":"repeat","background-position":"center center","background-size":"auto","background-attachment":"scroll","background-type":"","background-media":"","overlay-type":"","overlay-color":"","overlay-gradient":""},"mobile":{"background-color":"","background-image":"","background-repeat":"repeat","background-position":"center center","background-size":"auto","background-attachment":"scroll","background-type":"","background-media":"","overlay-type":"","overlay-color":"","overlay-gradient":""}},"ast-content-background-meta":{"desktop":{"background-color":"var(--ast-global-color-5)","background-image":"","background-repeat":"repeat","background-position":"center center","background-size":"auto","background-attachment":"scroll","background-type":"","background-media":"","overlay-type":"","overlay-color":"","overlay-gradient":""},"tablet":{"background-color":"var(--ast-global-color-5)","background-image":"","background-repeat":"repeat","background-position":"center center","background-size":"auto","background-attachment":"scroll","background-type":"","background-media":"","overlay-type":"","overlay-color":"","overlay-gradient":""},"mobile":{"background-color":"var(--ast-global-color-5)","background-image":"","background-repeat":"repeat","background-position":"center center","background-size":"auto","background-attachment":"scroll","background-type":"","background-media":"","overlay-type":"","overlay-color":"","overlay-gradient":""}},"footnotes":""},"class_list":["post-3","page","type-page","status-publish","hentry"],"_links":{"self":[{"href":"http:\/\/treballdecamp.com\/en\/wp-json\/wp\/v2\/pages\/3","targetHints":{"allow":["GET"]}}],"collection":[{"href":"http:\/\/treballdecamp.com\/en\/wp-json\/wp\/v2\/pages"}],"about":[{"href":"http:\/\/treballdecamp.com\/en\/wp-json\/wp\/v2\/types\/page"}],"author":[{"embeddable":true,"href":"http:\/\/treballdecamp.com\/en\/wp-json\/wp\/v2\/users\/1"}],"replies":[{"embeddable":true,"href":"http:\/\/treballdecamp.com\/en\/wp-json\/wp\/v2\/comments?post=3"}],"version-history":[{"count":16,"href":"http:\/\/treballdecamp.com\/en\/wp-json\/wp\/v2\/pages\/3\/revisions"}],"predecessor-version":[{"id":1172,"href":"http:\/\/treballdecamp.com\/en\/wp-json\/wp\/v2\/pages\/3\/revisions\/1172"}],"wp:attachment":[{"href":"http:\/\/treballdecamp.com\/en\/wp-json\/wp\/v2\/media?parent=3"}],"curies":[{"name":"wp","href":"https:\/\/api.w.org\/{rel}","templated":true}]}}