{"id":816,"date":"2020-03-26T10:38:56","date_gmt":"2020-03-26T10:38:56","guid":{"rendered":"http:\/\/tc.treballdecamp.cat\/?page_id=816"},"modified":"2024-04-10T14:24:51","modified_gmt":"2024-04-10T14:24:51","slug":"cookie-policy","status":"publish","type":"page","link":"http:\/\/treballdecamp.com\/en\/cookie-policy","title":{"rendered":"Pol\u00edtica de cookies"},"content":{"rendered":"<h6><span style=\"font-family: verdana, geneva, sans-serif;\">Revoca el consentiment de les galetes<\/span><\/h6>\n<h4><\/h4>\n<p>&nbsp;<\/p>\n<h4><span style=\"font-family: verdana, geneva, sans-serif;\">1. Definici\u00f3 i funcions de les cookies.<\/span><\/h4>\n<p><span style=\"font-family: verdana, geneva, sans-serif;\">Una cookie \u00e9s un fitxer que es descarrega a l&#8217;equip de l&#8217;Usuari en accedir a determinats llocs web. Les cookies permeten al lloc web, entre altres coses, emmagatzemar i recuperar informaci\u00f3 sobre els h\u00e0bits de navegaci\u00f3 de l&#8217;Usuari o del seu equip i, depenent de la informaci\u00f3 que continguin i de la forma com utilitzi el seu equip, poden utilitzar-se per recon\u00e8ixer l&#8217;Usuari.<\/span><\/p>\n<h4><span style=\"font-family: verdana, geneva, sans-serif;\">2. Tipus de cookies que pot utilitzar aquest Lloc Web.<\/span><\/h4>\n<ul>\n<li><span style=\"font-family: verdana, geneva, sans-serif;\">Cookies pr\u00f2pies: S\u00f3n aquelles que s&#8217;envien a l&#8217;equip terminal de l&#8217;Usuari des d&#8217;un equip o domini gestionat pel Titular i des del qual es presta el servei sol\u00b7licitat per l&#8217;Usuari.<\/span><\/li>\n<li><span style=\"font-family: verdana, geneva, sans-serif;\">Cookies funcionals: S\u00f3n aquelles necess\u00e0ries per al correcte funcionament del Lloc Web.<\/span><\/li>\n<\/ul>\n<h4><span style=\"font-family: verdana, geneva, sans-serif;\">3. Revocaci\u00f3 i eliminaci\u00f3 de cookies.<\/span><\/h4>\n<p><span style=\"font-family: verdana, geneva, sans-serif;\">L&#8217;Usuari pot permetre, bloquejar o eliminar les cookies instal\u00b7lades a l&#8217;equip mitjan\u00e7ant la configuraci\u00f3 de les opcions del navegador instal\u00b7lat; en cas que no permeti la instal\u00b7laci\u00f3 de cookies al seu navegador, \u00e9s possible que no pugui accedir a algunes de les seccions del Lloc Web. Es pot trobar informaci\u00f3 sobre com configurar les cookies segons el navegador utilitzat als seg\u00fcents enlla\u00e7os (enlla\u00e7os v\u00e0lids a la data d&#8217;edici\u00f3 del present text):<\/span><\/p>\n<p><span style=\"font-family: verdana, geneva, sans-serif;\">Per a m\u00e9s informaci\u00f3 sobre com bloquejar l&#8217;\u00fas de cookies a Explorer<\/span><\/p>\n<p><span style=\"font-family: verdana, geneva, sans-serif;\"><a href=\"https:\/\/support.microsoft.com\/es-es\/help\/17442\/windows-internet-explorer-delete-manage-cookies\">https:\/\/support.microsoft.com\/es-es\/help\/17442\/windows-internet-explorer-delete-manage-cookies<\/a><\/span><\/p>\n<p><span style=\"font-family: verdana, geneva, sans-serif;\">Per a m\u00e9s informaci\u00f3 sobre com bloquejar l&#8217;\u00fas de cookies a Chrome<\/span><\/p>\n<p><span style=\"font-family: verdana, geneva, sans-serif;\"><a href=\"http:\/\/support.google.com\/chrome\/bin\/answer.py?hl=es&amp;answer=95647\">http:\/\/support.google.com\/chrome\/bin\/answer.py?hl=es&amp;answer=95647<\/a><\/span><\/p>\n<p><span style=\"font-family: verdana, geneva, sans-serif;\">Per a m\u00e9s informaci\u00f3 sobre com bloquejar l&#8217;\u00fas de cookies a Firefox<\/span><\/p>\n<p><span style=\"font-family: verdana, geneva, sans-serif;\"><a href=\"http:\/\/support.mozilla.org\/es\/kb\/habilitar-y-deshabilitar-cookies-que-los-sitios-we\">http:\/\/support.mozilla.org\/es\/kb\/habilitar-y-deshabilitar-cookies-que-los-sitios-we<\/a><\/span><\/p>\n<p><span style=\"font-family: verdana, geneva, sans-serif;\">Per a m\u00e9s informaci\u00f3 sobre com bloquejar l&#8217;\u00fas de cookies a Safari<\/span><\/p>\n<p><span style=\"font-family: verdana, geneva, sans-serif;\"><a href=\"http:\/\/support.apple.com\/kb\/ph5042\">http:\/\/support.apple.com\/kb\/ph5042<\/a><\/span><\/p>\n<h3><\/h3>\n<h5><span style=\"font-family: verdana, geneva, sans-serif;\">Tercers prestadors de serveis<\/span><\/h5>\n<p><span style=\"font-family: verdana, geneva, sans-serif;\">Concretant, els tercers amb els quals s&#8217;ha gestionat algun servei per al qual \u00e9s necess\u00e0ria la utilitzaci\u00f3 de cookies en aquest web s\u00f3n:<\/span><\/p>\n<table style=\"border-collapse: collapse; width: 100%; height: 299px;\">\n<tbody>\n<tr style=\"height: 53px;\">\n<td style=\"width: 24.0728%; height: 53px;\" width=\"120\"><span style=\"font-family: verdana, geneva, sans-serif;\"><strong> Nom del prove\u00efdor<\/strong><\/span><\/td>\n<td style=\"width: 18.0715%; height: 53px;\" width=\"151\"><span style=\"font-family: verdana, geneva, sans-serif;\"><strong>Finalitat de la cookie<\/strong><\/span><\/td>\n<td style=\"width: 36.5475%; height: 53px;\" width=\"265\"><span style=\"font-family: verdana, geneva, sans-serif;\"><strong>Descripci\u00f3 de la finalitat de la cookie<\/strong><\/span><\/td>\n<td style=\"width: 21.308%; height: 53px;\" width=\"176\"><span style=\"font-family: verdana, geneva, sans-serif;\"><strong>Plazo de conservaci\u00f3n<\/strong><\/span><\/td>\n<\/tr>\n<tr style=\"height: 82px;\">\n<td style=\"width: 24.0728%; height: 82px;\"><span style=\"font-family: verdana, geneva, sans-serif;\">.vimeo.com<\/span><\/td>\n<td style=\"width: 18.0715%; height: 82px;\" width=\"151\"><span style=\"font-family: verdana, geneva, sans-serif;\">Funcional<\/span><\/td>\n<td style=\"width: 36.5475%; height: 82px;\">\n<div class=\"c0153 c0157 c0154\" role=\"row\" data-rowid=\"cookieDetailcontent\">\n<div class=\"c0155 c0156\" tabindex=\"0\" role=\"gridcell\" data-cellid=\"information\"><span style=\"font-family: verdana, geneva, sans-serif;\">La galeta __cf_bm d\u00f3na suport a la gesti\u00f3 de bots de Cloudflare gestionant el tr\u00e0nsit entrant que compleix els criteris associats als bots. La galeta no recull cap dada personal, i qualsevol informaci\u00f3 recollida est\u00e0 subjecta a encriptaci\u00f3 unidireccional.<\/span><\/div>\n<\/div>\n<\/td>\n<td style=\"width: 21.308%; height: 82px;\" width=\"176\"><span style=\"font-family: verdana, geneva, sans-serif;\">30 Minuts<\/span><\/td>\n<\/tr>\n<tr style=\"height: 82px;\">\n<td style=\"width: 24.0728%; height: 82px;\">\n<div class=\"c0176 c01228 c0191 c0186\" tabindex=\"-1\" title=\"cookielawinfo-checkbox-necessary\" role=\"treeitem\" data-tree-view-item-id=\"8\" aria-selected=\"true\">\n<div class=\"c0180\" title=\"cookielawinfo-checkbox-necessary\">\n<div class=\"c0181 c01229\">\n<div id=\"itemTitle7\" class=\"c0177 c01230\"><span style=\"font-family: verdana, geneva, sans-serif;\">.vimeo.com<\/span><\/div>\n<\/div>\n<\/div>\n<\/div>\n<\/td>\n<td style=\"width: 18.0715%; height: 82px;\" width=\"151\"><span style=\"font-family: verdana, geneva, sans-serif;\">Funcional<\/span><\/td>\n<td style=\"width: 36.5475%; height: 82px;\">\n<div class=\"c0153 c0157 c0154\" role=\"row\" data-rowid=\"cookieDetailname\">\n<div class=\"c0155 c0156\" tabindex=\"0\" role=\"gridcell\" data-cellid=\"information\"><span style=\"font-family: verdana, geneva, sans-serif;\"> Aquestes galetes s&#8217;utilitzen pel Firewall d&#8217;Aplicacions Web (WAF) de Cloudflare per distingir usuaris individuals que comparteixen la mateixa adre\u00e7a IP i aplicar l\u00edmits de freq\u00fc\u00e8ncia.<\/span><\/div>\n<\/div>\n<\/td>\n<td style=\"width: 21.308%; height: 82px;\" width=\"176\"><span style=\"font-family: verdana, geneva, sans-serif;\">Sessi\u00f3<\/span><\/td>\n<\/tr>\n<tr style=\"height: 82px;\">\n<td style=\"width: 24.0728%; height: 82px;\" width=\"120\"><span style=\"font-family: verdana, geneva, sans-serif;\">.vimeo.com<\/span><\/td>\n<td style=\"width: 18.0715%; height: 82px;\" width=\"151\"><span style=\"font-family: verdana, geneva, sans-serif;\">Prefer\u00e8ncies<\/span><\/td>\n<td style=\"width: 36.5475%; height: 82px;\">\n<div class=\"c0153 c0157 c0154\" role=\"row\" data-rowid=\"cookieDetailname\">\n<div class=\"c0155 c0156\" tabindex=\"0\" role=\"gridcell\" data-cellid=\"information\">\n<div class=\"c0153 c0157 c0154\" role=\"row\" data-rowid=\"cookieDetailname\">\n<div class=\"c0155 c0156\" tabindex=\"0\" role=\"gridcell\" data-cellid=\"information\">\n<div class=\"c0153 c0157 c0154\" role=\"row\" data-rowid=\"cookieDetailcontent\">\n<div class=\"c0155 c0156\" tabindex=\"0\" role=\"gridcell\" data-cellid=\"information\"><span style=\"font-family: verdana, geneva, sans-serif;\">Aquestes galetes s&#8217;utilitzen pel reproductor de v\u00eddeo de Vimeo en els llocs web.<\/span><\/div>\n<\/div>\n<\/div>\n<\/div>\n<\/div>\n<\/div>\n<\/td>\n<td style=\"width: 21.308%; height: 82px;\" width=\"176\"><span style=\"font-family: verdana, geneva, sans-serif;\">1 Any<\/span><\/td>\n<\/tr>\n<\/tbody>\n<\/table>\n<p><span style=\"font-family: verdana, geneva, sans-serif;\">Per a m\u00e9s informaci\u00f3 sobre l&#8217;\u00fas de cookies en aquest Lloc Web, l&#8217;Usuari pot sol\u00b7licitar-ho a trav\u00e9s del formulari de contacte o <a href=\"mailto:dpo@improve-us.com\">dpo@improve-us.com<\/a>.<\/span><\/p>\n<p><span style=\"font-family: verdana, geneva, sans-serif;\">La present pol\u00edtica va ser modificada en data del 17 de mar\u00e7 de 2023.<\/span><\/p>","protected":false},"excerpt":{"rendered":"<p>Revoca el consentiment de les galetes &nbsp; 1. Definici\u00f3 i funcions de les cookies. Una cookie \u00e9s un fitxer que es descarrega a l&#8217;equip de l&#8217;Usuari en accedir a determinats llocs web. Les cookies permeten al lloc web, entre altres coses, emmagatzemar i recuperar informaci\u00f3 sobre els h\u00e0bits de navegaci\u00f3 de l&#8217;Usuari o del seu [&hellip;]<\/p>\n","protected":false},"author":1,"featured_media":0,"parent":0,"menu_order":0,"comment_status":"closed","ping_status":"closed","template":"","meta":{"site-sidebar-layout":"default","site-content-layout":"default","ast-site-content-layout":"default","site-content-style":"default","site-sidebar-style":"default","ast-global-header-display":"","ast-banner-title-visibility":"","ast-main-header-display":"","ast-hfb-above-header-display":"","ast-hfb-below-header-display":"","ast-hfb-mobile-header-display":"","site-post-title":"","ast-breadcrumbs-content":"","ast-featured-img":"","footer-sml-layout":"","theme-transparent-header-meta":"default","adv-header-id-meta":"","stick-header-meta":"","header-above-stick-meta":"","header-main-stick-meta":"","header-below-stick-meta":"","astra-migrate-meta-layouts":"set","ast-page-background-enabled":"default","ast-page-background-meta":{"desktop":{"background-color":"var(--ast-global-color-4)","background-image":"","background-repeat":"repeat","background-position":"center center","background-size":"auto","background-attachment":"scroll","background-type":"","background-media":"","overlay-type":"","overlay-color":"","overlay-gradient":""},"tablet":{"background-color":"","background-image":"","background-repeat":"repeat","background-position":"center center","background-size":"auto","background-attachment":"scroll","background-type":"","background-media":"","overlay-type":"","overlay-color":"","overlay-gradient":""},"mobile":{"background-color":"","background-image":"","background-repeat":"repeat","background-position":"center center","background-size":"auto","background-attachment":"scroll","background-type":"","background-media":"","overlay-type":"","overlay-color":"","overlay-gradient":""}},"ast-content-background-meta":{"desktop":{"background-color":"var(--ast-global-color-5)","background-image":"","background-repeat":"repeat","background-position":"center center","background-size":"auto","background-attachment":"scroll","background-type":"","background-media":"","overlay-type":"","overlay-color":"","overlay-gradient":""},"tablet":{"background-color":"var(--ast-global-color-5)","background-image":"","background-repeat":"repeat","background-position":"center center","background-size":"auto","background-attachment":"scroll","background-type":"","background-media":"","overlay-type":"","overlay-color":"","overlay-gradient":""},"mobile":{"background-color":"var(--ast-global-color-5)","background-image":"","background-repeat":"repeat","background-position":"center center","background-size":"auto","background-attachment":"scroll","background-type":"","background-media":"","overlay-type":"","overlay-color":"","overlay-gradient":""}},"footnotes":""},"class_list":["post-816","page","type-page","status-publish","hentry"],"_links":{"self":[{"href":"http:\/\/treballdecamp.com\/en\/wp-json\/wp\/v2\/pages\/816","targetHints":{"allow":["GET"]}}],"collection":[{"href":"http:\/\/treballdecamp.com\/en\/wp-json\/wp\/v2\/pages"}],"about":[{"href":"http:\/\/treballdecamp.com\/en\/wp-json\/wp\/v2\/types\/page"}],"author":[{"embeddable":true,"href":"http:\/\/treballdecamp.com\/en\/wp-json\/wp\/v2\/users\/1"}],"replies":[{"embeddable":true,"href":"http:\/\/treballdecamp.com\/en\/wp-json\/wp\/v2\/comments?post=816"}],"version-history":[{"count":48,"href":"http:\/\/treballdecamp.com\/en\/wp-json\/wp\/v2\/pages\/816\/revisions"}],"predecessor-version":[{"id":1199,"href":"http:\/\/treballdecamp.com\/en\/wp-json\/wp\/v2\/pages\/816\/revisions\/1199"}],"wp:attachment":[{"href":"http:\/\/treballdecamp.com\/en\/wp-json\/wp\/v2\/media?parent=816"}],"curies":[{"name":"wp","href":"https:\/\/api.w.org\/{rel}","templated":true}]}}