{"id":991,"date":"2020-03-26T11:58:46","date_gmt":"2020-03-26T11:58:46","guid":{"rendered":"http:\/\/treballdecamp.com\/?page_id=991"},"modified":"2024-04-10T14:26:31","modified_gmt":"2024-04-10T14:26:31","slug":"avis-legal","status":"publish","type":"page","link":"http:\/\/treballdecamp.com\/en\/avis-legal","title":{"rendered":"Av\u00eds legal"},"content":{"rendered":"<ol>\n<li><span style=\"font-family: verdana, geneva, sans-serif;\"><strong>Titularitat<\/strong><br \/>\n<\/span><span style=\"font-size: 10pt;\"><span style=\"font-family: verdana, geneva, sans-serif;\"><a href=\"https:\/\/treballdecamp.com\/en\/\">https:\/\/treballdecamp.com\/<\/a> \u00e9s un domini d&#8217;internet propietat de GAPS POL\u00cdTICA I SOCIETAT S.L. (en endavant titular) amb NIF: B62956784 i domicili a Passatge Bocabella 5 &#8211; 08013 Barcelona. Inscrita al Registre Mercantil de Barcelona al Tom 43024, Foli 62, Full B-418280.<\/span><span style=\"font-family: verdana, geneva, sans-serif;\"><br \/>\nGAPS POL\u00cdTICA I SOCIETAT S.L. \u00a0\u00e9s una consultoria especialitzada en l&#8217;an\u00e0lisi de tot tipus d&#8217;enquestes i formularis, tamb\u00e9 en mat\u00e8ria electoral, prestant els seus serveis tant a empreses p\u00fabliques com privades.<\/span><\/span><\/li>\n<li><span style=\"font-family: verdana, geneva, sans-serif;\"><strong>Condicions Generals d&#8217;usos:<\/strong><br \/>\n<\/span><span style=\"font-size: 10pt;\"><span style=\"font-family: verdana, geneva, sans-serif;\">A l&#8217;accedir al lloc web, l&#8217;usuari declara que accepta el present Av\u00eds Legal amb totes les seves condicions d&#8217;\u00fas. En tot cas, aquest Av\u00eds Legal t\u00e9 car\u00e0cter obligatori i vinculant; qualsevol persona que no accepti les seves condicions haur\u00e0 d&#8217;abstenir-se d&#8217;utilitzar aquest lloc web i\/o els serveis promocionats pel Titular mitjan\u00e7ant aquest. Aquestes condicions no creen ning\u00fan contracte de societat, de mandat, de franqu\u00edcia o relaci\u00f3 laboral entre el Titular i els Usuaris.<br \/>\n<\/span><span style=\"font-family: verdana, geneva, sans-serif;\">El present Av\u00eds Legal regula l&#8217;\u00fas d&#8217;aquest lloc web, el qual el Titular posa a disposici\u00f3 de les persones que accedeixin amb l&#8217;objectiu de proporcionar-los informaci\u00f3 sobre els seus serveis aix\u00ed com facilitar-los l&#8217;acc\u00e9s.<\/span><\/span><\/li>\n<li><span style=\"font-family: verdana, geneva, sans-serif;\"><strong>Normes aplicables:<\/strong><br \/>\n<\/span><span style=\"font-family: verdana, geneva, sans-serif; font-size: 10pt;\"><em>L&#8217;Av\u00eds Legal est\u00e0 subjecte al que disposa la Llei Org\u00e0nica 3\/2018, de Protecci\u00f3 de Dades Personals i garantia dels drets digitals, de 5 de desembre de 2018 (LOPDGDD), Reglament UE 2016\/679 del Parlament Europeu i del Consell de 27 d&#8217;abril de 2016 relatiu a la protecci\u00f3 de les persones f\u00edsiques pel que fa al tractament de dades personals i a la lliure circulaci\u00f3 d&#8217;aquestes dades i per la qual es deroga la Directiva 95\/46\/CE (RGPD), Directrius 5\/2020 sobre el consentiment en el sentit del Reglament (UE) 2016\/679, Llei 11\/2022, de 28 de juny, General de Telecomunicacions, la Llei 34\/2002 de 11 de juliol, de Serveis de la Societat de la Informaci\u00f3 i de Comer\u00e7 Electr\u00f2nic, el Reial Decret Llei 13\/2012, de 30 de mar\u00e7, pel qual es transposen directrius en mat\u00e8ria de mercats interiors d&#8217;electricitat i gas i en mat\u00e8ria de comunicacions electr\u00f2niques, i pel qual s&#8217;adopten mesures per a la correcci\u00f3 de les desviacions per desajustos entre els costos i ingressos dels sectors el\u00e8ctric i gasista, Directrius 03\/2022 sobre patrons enganyosos del Comit\u00e8 Europeu de Protecci\u00f3 de Dades (CEPD), aix\u00ed com qualsevol normativa posterior que les modifiqui o desenvolupi.<\/em><\/span><\/p>\n<p><span style=\"font-family: verdana, geneva, sans-serif; font-size: 10pt;\"><em>Tant l&#8217;acc\u00e9s al Lloc Web propietat del Titular com l&#8217;\u00fas que es pugui fer de la informaci\u00f3 i continguts inclosos en el mateix, ser\u00e0 de l&#8217;exclusiva responsabilitat de qui ho realitzi. Les condicions d&#8217;acc\u00e9s al Lloc Web estaran supeditades a la legalitat vigent i els principis de la bona fe i \u00fas l\u00edcit per part de l&#8217;Usuari del mateix, quedant prohibit amb car\u00e0cter general qualsevol tipus d&#8217;actuaci\u00f3 en perjudici del Titular. Es considerar\u00e0 terminantment prohibit l&#8217;\u00fas del Lloc Web amb finalitats il\u00b7legals o no autoritzades.\u00a0<\/em><\/span><\/li>\n<li><span style=\"font-family: verdana, geneva, sans-serif;\"><strong>Modificaci\u00f3 de las condicions d&#8217;us:<\/strong><br \/>\n<\/span><span style=\"font-family: verdana, geneva, sans-serif;\"><span style=\"font-size: 10pt;\">El Titular es reserva el dret de modificar, en qualsevol moment, la presentaci\u00f3 i configuraci\u00f3 del lloc web, aix\u00ed com el present Av\u00eds Legal. Per aix\u00f2, El Titular recomana a l&#8217;Usuari llegir-lo atentament cada cop que accedeixi a la Web. Sempre disposar\u00e0 de l&#8217;Av\u00eds Legal en un lloc visible, lliurement accessible per totes les consultes vulgui realitzar.<\/span><br \/>\n<\/span><\/li>\n<li><span style=\"font-family: verdana, geneva, sans-serif;\"><strong>Descripci\u00f3 dels serveis:<\/strong><br \/>\n<\/span><span style=\"font-family: verdana, geneva, sans-serif;\"><a href=\"https:\/\/treballdecamp.com\/en\/\"><span style=\"font-size: 10pt;\">https:\/\/treballdecamp.com\/<\/span><\/a><span style=\"font-size: 10pt;\"> \u00e9s un lloc web del Titular i serveix d&#8217;eina d&#8217;informaci\u00f3 sobre els serveis oferts.\u00a0<\/span><\/span><\/li>\n<li><span style=\"font-family: verdana, geneva, sans-serif;\"><strong>Terminaci\u00f3:<\/strong><br \/>\n<\/span><span style=\"font-family: verdana, geneva, sans-serif;\"><span style=\"font-size: 10pt;\">El Titular es reserva el dret d&#8217;interrompre o cancel\u00b7lar el lloc web o qualsevol dels serveis oferts en el mateix, en qualsevol moment i sense previ av\u00eds, per motius t\u00e8cnics o de qualsevol altra \u00edndole, podent aix\u00ed mateix modificar unilateralment tant les condicions d&#8217;acc\u00e9s com la totalitat o part dels continguts en ell inclosos; tot aix\u00f2 sense perjudici dels drets adquirits en aquell moment.<\/span><br \/>\n<\/span><\/li>\n<li><span style=\"font-family: verdana, geneva, sans-serif;\"><strong>Responsabilitats:<\/strong><br \/>\n<\/span><span style=\"font-size: 10pt;\"><span style=\"font-family: verdana, geneva, sans-serif;\">Els enlla\u00e7os continguts al lloc web poden dirigir a p\u00e0gines web de tercers. El Titular no assumeix cap responsabilitat pel contingut, informacions o serveis que poguessin apar\u00e8ixer en aquests llocs, que tindran exclusivament car\u00e0cter informatiu i que en cap cas impliquen cap relaci\u00f3 entre el titular i les persones o entitats titulars de tals continguts o titulars dels llocs on es trobin.<\/span><span style=\"font-family: verdana, geneva, sans-serif;\"><br \/>\nEl Titular no es fa responsable en cap concepte per cap tipus de dany que poguessin ocasionar els Usuaris a aquest lloc web, o a qualsevol altra, per l&#8217;\u00fas il\u00b7legal o indegut de la mateixa, o dels continguts i informacions accessibles o facilitades a trav\u00e9s d&#8217; ella.<\/span><span style=\"font-family: verdana, geneva, sans-serif;\"><br \/>\nEl Titular no ser\u00e0 responsable de les infraccions realitzades per usuaris de la seva web que afectin a tercers.<\/span><span style=\"font-family: verdana, geneva, sans-serif;\"><br \/>\nEl Titular no garanteix la fiabilitat, la disponibilitat ni la continu\u00eftat del seu lloc web ni dels seus serveis, per la qual cosa la utilitzaci\u00f3 dels mateixos per part de l&#8217;usuari es porta a terme pel seu propi compte i risc, sense que, en cap moment, es puguin exigir responsabilitats per aix\u00f2 al Titular.<br \/>\n<\/span><span style=\"font-family: verdana, geneva, sans-serif;\">El Titular no ser\u00e0 responsable en cas que existeixin interrupcions dels serveis, demores, mal funcionament de la mateixa i, en general, altres inconvenients que tinguin el seu origen en causes que escapen del control del Titular, i\/o deguts a una actuaci\u00f3 dolosa o culposa de l&#8217;usuari i\/o tingui per origen causes de cas fortu\u00eft o for\u00e7a major. Sense perjudici del que estableix l&#8217;article 1105 del Codi Civil, s&#8217;entendran inclosos en el concepte de for\u00e7a major, a m\u00e9s, i a l&#8217;efecte del present Av\u00eds Legal, tots aquells esdeveniments succe\u00efts fora de control del Titular, com ara: fallada de tercers, operadors o companyies de serveis, actes de Govern, falta d&#8217;acc\u00e9s a xarxes de tercers, actes o omissions de les autoritats p\u00fabliques, aquells altres produ\u00efts com a conseq\u00fc\u00e8ncia de fen\u00f2mens naturals, talls de subministrament, etc. i l&#8217;atac de hackers o tercers especialitzats en la seguretat o integritat de el sistema inform\u00e0tic, sempre que el titular, hagi adoptat les mesures de seguretat raonables d&#8217;acord amb l&#8217;estat de la t\u00e8cnica. En qualsevol cas, sigui quina sigui la causa, el titular no assumir\u00e0 cap responsabilitat ja sigui per danys directes o indirectes, dany emergent i\/o per lucre cessant.<br \/>\nEl Titular tractar\u00e0, en la mesura del possible, d&#8217;actualitzar i rectificar aquella informaci\u00f3 allotjada en la seva p\u00e0gina web que no compleixi amb les m\u00ednimes garanties de veracitat. No obstant aix\u00f2, informa que pot existir qualsevol tipus d&#8217;error sense intencionalitat i sent l&#8217;Usuari lliure de contrastar el contingut.<\/span><\/span><span style=\"font-family: verdana, geneva, sans-serif;\"><br \/>\n<span style=\"font-size: 10pt;\">El Titular no podr\u00e0 ser considerat responsable de l&#8217;\u00fas del present lloc web per persones alienes o refer\u00e8ncies que poguessin existir en llocs aliens.<\/span><br \/>\n<\/span><\/li>\n<li><span style=\"font-family: verdana, geneva, sans-serif;\"><strong>Indemnitzaci\u00f3:<\/strong><br \/>\n<\/span><span style=\"font-family: verdana, geneva, sans-serif; font-size: 10pt;\">Els Usuaris mantindran al Titular indemne per qualsevol reclamaci\u00f3 o demanda de tercers relacionada amb les activitats promogudes dins el <span style=\"font-size: 10pt;\"><span style=\"font-family: verdana, geneva, sans-serif;\">lloc web<\/span><\/span> o per l&#8217;incompliment de l&#8217;Av\u00eds Legal i la resta de pol\u00edtiques que s&#8217;entenen incorporades a aquest document, o per la violaci\u00f3 de qualsevol llei o dret de tercers.<\/span><\/li>\n<li><strong><span style=\"font-family: verdana, geneva, sans-serif;\">Nul\u00b7litat i inefic\u00e0cia de les Cl\u00e0usules:<\/span><\/strong><span style=\"font-family: verdana, geneva, sans-serif;\"><br \/>\n<span style=\"font-size: 10pt;\">Si qualsevol cl\u00e0usula inclosa en aquest Av\u00eds Legal o de la resta de textos legals i informatius del lloc web fos declarada, total o parcialment nul\u00b7la o inefica\u00e7, tal nul\u00b7litat o inefic\u00e0cia afectar\u00e0 nom\u00e9s a aquesta disposici\u00f3 o a la part d&#8217;aquesta que resulti nul\u00b7la o inefica\u00e7, subsistint la resta de condicions establertes en tota la resta, tenint-se tal disposici\u00f3 o la part de la mateixa que result\u00e9s afectada per no inclosa.<\/span><br \/>\n<\/span><\/li>\n<li><span style=\"font-family: verdana, geneva, sans-serif;\"><strong>Notificacions:<\/strong><br \/>\n<\/span><span style=\"font-family: verdana, geneva, sans-serif; font-size: 10pt;\">Totes les notificacions, requeriments, peticions i altres comunicacions que s&#8217;hagin d&#8217;efectuar per les parts, en relaci\u00f3 amb el present Av\u00eds Legal o la resta de textos legals i informatius, s&#8217;hauran de fer per escrit i s&#8217;entendr\u00e0 que han estat degudament realitzades quan hagin estat lliurades en m\u00e0 o b\u00e9 remeses per correu ordinari al domicili de l&#8217;altra part o al correu electr\u00f2nic d&#8217;aquesta, o b\u00e9 a qualsevol altre domicili o correu electr\u00f2nic que a aquests efectes cada part pugui indicar a l&#8217;altra.<\/span><\/li>\n<li><span style=\"font-family: verdana, geneva, sans-serif;\"><strong>Propietat Intel\u00b7lectual i Industrial:<\/strong><br \/>\n<\/span><span style=\"font-family: verdana, geneva, sans-serif;\"><span style=\"font-size: 10pt;\">Els drets de propietat intel\u00b7lectual d&#8217;aquest lloc web, el seu codi font, disseny, estructures de navegaci\u00f3 i els diferents elements en ell continguts s\u00f3n titularitat exclusiva del Titular, a qui correspon l&#8217;exercici dels drets d&#8217;explotaci\u00f3 dels mateixos en qualsevol forma i, en especial, els drets de reproducci\u00f3, distribuci\u00f3, comunicaci\u00f3 p\u00fablica i transformaci\u00f3, d&#8217;acord amb la legislaci\u00f3 espanyola i de la Uni\u00f3 Europea aplicable.<\/span><\/span><span style=\"font-family: verdana, geneva, sans-serif;\"><br \/>\n<span style=\"font-size: 10pt;\">Queda totalment prohibida la reproducci\u00f3 total o parcial dels continguts d&#8217;aquest lloc web sense consentiment expr\u00e9s i per escrit per part de la persona titular, llevat de l&#8217;empresa creadora de la mateixa. La utilitzaci\u00f3 no autoritzada d&#8217;aquests continguts per qualsevol altra persona o empresa donar\u00e0 lloc a les responsabilitats legalment establertes.<\/span><\/span><span style=\"font-family: verdana, geneva, sans-serif;\"><br \/>\n<span style=\"font-size: 10pt;\">El Titular comercialitzar\u00e0 els productes amb les marques registrades i amb els distintius comercials que els seus prove\u00efdors indiquin. Aquests s\u00f3n els propietaris leg\u00edtims de les Marques Registrades i del material de promoci\u00f3 que puguin posar a disposici\u00f3 per a la promoci\u00f3 del producte, i concedeixen al Titular l&#8217;autoritzaci\u00f3 necess\u00e0ria per a l&#8217;\u00fas dels mateixos sense considerar en cap cas una cessi\u00f3 de la seva propietat, sent el prove\u00efdor el responsable exclusiu de qualsevol demanda interposada per tercers en relaci\u00f3 a l&#8217;\u00fas de la Marca Comercial, eximint al Titular de qualsevol responsabilitat sobre els drets de propietat intel\u00b7lectual.<\/span><\/span><span style=\"font-family: verdana, geneva, sans-serif;\"><br \/>\n<span style=\"font-size: 10pt;\">Queda prohibida qualsevol modalitat d&#8217;explotaci\u00f3, incloent tot tipus de reproducci\u00f3, distribuci\u00f3, cessi\u00f3 a tercers, comunicaci\u00f3 p\u00fablica i transformaci\u00f3, mitjan\u00e7ant qualsevol tipus de suport i mitj\u00e0, de les obres abans referides, creacions i signes distintius sense autoritzaci\u00f3 pr\u00e8via i expressa dels seus respectius titulars. L&#8217;incompliment d&#8217;aquesta prohibici\u00f3 podr\u00e0 constituir infracci\u00f3 sancionable per la legislaci\u00f3 vigent.<\/span><\/span><span style=\"font-family: verdana, geneva, sans-serif;\"><br \/>\n<span style=\"font-size: 10pt;\">Queda prohibit, excepte en els casos en que expressament ho autoritzi el titular, presentar aquest lloc web o la informaci\u00f3 continguda en ell sota frames o marcs, signes distintius, marques o denominacions socials o comercials d&#8217;una altra persona, empresa o entitat incloent de forma expressa el contingut gr\u00e0fic (fotografies i v\u00eddeos) que es considera propietat exclusiva del Titular.<\/span><\/span><span style=\"font-family: verdana, geneva, sans-serif;\"><br \/>\n<span style=\"font-size: 10pt;\">La infracci\u00f3 de qualsevol dels citats drets pot constituir una vulneraci\u00f3 de les presents condicions, aix\u00ed com un delicte castigat d&#8217;acord amb els articles 270 i seg\u00fcents del Codi Penal.<br \/>\nAquells usuaris que envi\u00efn al lloc web observacions, opinions o comentaris per mitj\u00e0 de correu electr\u00f2nic o per qualsevol altre mitj\u00e0, en els casos en que per la naturalesa dels serveis aix\u00f2 sigui possible, s&#8217;ent\u00e9n que autoritzen al Titular per a la reproducci\u00f3, distribuci\u00f3, comunicaci\u00f3 p\u00fablica, transformaci\u00f3 i l&#8217;exercici de qualsevol altre dret d&#8217;explotaci\u00f3 de tals observacions, opinions o comentaris per tot el temps de protecci\u00f3 de dret d&#8217;autor que estigui previst legalment i sense limitaci\u00f3 territorial. Aix\u00ed mateix, s&#8217;ent\u00e9n que aquesta autoritzaci\u00f3 es fa a t\u00edtol gratu\u00eft.<\/span><\/span><span style=\"font-family: verdana, geneva, sans-serif;\"><br \/>\n<span style=\"font-size: 10pt;\">El Titular adverteix que no podr\u00e0 ser considerat responsable pels comentaris o qualsevol altre tipus d&#8217;aportaci\u00f3 de tercers que es mostrin en el propi lloc o en espais aliens enlla\u00e7ats, aquests no manifesten en cap cas l&#8217;opini\u00f3 del Titular i queda reservada de forma exclusiva la possibilitat d&#8217;eliminar-los si es consideren no correctes, o que actuen contra els interessos propis o de tercers, segons el criteri del Titular.<br \/>\nEl Titular no es fa responsable per la utilitzaci\u00f3 que l&#8217;Usuari realitzi dels serveis del lloc web, aix\u00ed com de qualsevol material que ell mateix inclogui en aquest lloc web, que puguin infringir els drets de propietat intel\u00b7lectual o industrial o qualsevol altre dret de tercers.<\/span><\/span><\/li>\n<li><span style=\"font-family: verdana, geneva, sans-serif;\"><strong>Jurisdicci\u00f3:<\/strong><br \/>\n<\/span><span style=\"font-family: verdana, geneva, sans-serif; font-size: 10pt;\">Per a les q\u00fcestions que se suscitin sobre la interpretaci\u00f3, aplicaci\u00f3 i compliment d&#8217;aquest Av\u00eds Legal, aix\u00ed com de les reclamacions que puguin derivar-se del seu \u00fas, totes les parts que intervenen es sotmeten als Jutges i Tribunals que corresponguin segons el seu fur.<\/span><\/li>\n<\/ol>","protected":false},"excerpt":{"rendered":"<p>Titularitat https:\/\/treballdecamp.com\/ \u00e9s un domini d&#8217;internet propietat de GAPS POL\u00cdTICA I SOCIETAT S.L. (en endavant titular) amb NIF: B62956784 i domicili a Passatge Bocabella 5 &#8211; 08013 Barcelona. Inscrita al Registre Mercantil de Barcelona al Tom 43024, Foli 62, Full B-418280. GAPS POL\u00cdTICA I SOCIETAT S.L. \u00a0\u00e9s una consultoria especialitzada en l&#8217;an\u00e0lisi de tot tipus [&hellip;]<\/p>\n","protected":false},"author":1,"featured_media":0,"parent":0,"menu_order":0,"comment_status":"closed","ping_status":"closed","template":"","meta":{"site-sidebar-layout":"default","site-content-layout":"default","ast-site-content-layout":"default","site-content-style":"default","site-sidebar-style":"default","ast-global-header-display":"","ast-banner-title-visibility":"","ast-main-header-display":"","ast-hfb-above-header-display":"","ast-hfb-below-header-display":"","ast-hfb-mobile-header-display":"","site-post-title":"","ast-breadcrumbs-content":"","ast-featured-img":"","footer-sml-layout":"","theme-transparent-header-meta":"default","adv-header-id-meta":"","stick-header-meta":"","header-above-stick-meta":"","header-main-stick-meta":"","header-below-stick-meta":"","astra-migrate-meta-layouts":"set","ast-page-background-enabled":"default","ast-page-background-meta":{"desktop":{"background-color":"var(--ast-global-color-4)","background-image":"","background-repeat":"repeat","background-position":"center center","background-size":"auto","background-attachment":"scroll","background-type":"","background-media":"","overlay-type":"","overlay-color":"","overlay-gradient":""},"tablet":{"background-color":"","background-image":"","background-repeat":"repeat","background-position":"center center","background-size":"auto","background-attachment":"scroll","background-type":"","background-media":"","overlay-type":"","overlay-color":"","overlay-gradient":""},"mobile":{"background-color":"","background-image":"","background-repeat":"repeat","background-position":"center center","background-size":"auto","background-attachment":"scroll","background-type":"","background-media":"","overlay-type":"","overlay-color":"","overlay-gradient":""}},"ast-content-background-meta":{"desktop":{"background-color":"var(--ast-global-color-5)","background-image":"","background-repeat":"repeat","background-position":"center center","background-size":"auto","background-attachment":"scroll","background-type":"","background-media":"","overlay-type":"","overlay-color":"","overlay-gradient":""},"tablet":{"background-color":"var(--ast-global-color-5)","background-image":"","background-repeat":"repeat","background-position":"center center","background-size":"auto","background-attachment":"scroll","background-type":"","background-media":"","overlay-type":"","overlay-color":"","overlay-gradient":""},"mobile":{"background-color":"var(--ast-global-color-5)","background-image":"","background-repeat":"repeat","background-position":"center center","background-size":"auto","background-attachment":"scroll","background-type":"","background-media":"","overlay-type":"","overlay-color":"","overlay-gradient":""}},"footnotes":""},"class_list":["post-991","page","type-page","status-publish","hentry"],"_links":{"self":[{"href":"http:\/\/treballdecamp.com\/en\/wp-json\/wp\/v2\/pages\/991","targetHints":{"allow":["GET"]}}],"collection":[{"href":"http:\/\/treballdecamp.com\/en\/wp-json\/wp\/v2\/pages"}],"about":[{"href":"http:\/\/treballdecamp.com\/en\/wp-json\/wp\/v2\/types\/page"}],"author":[{"embeddable":true,"href":"http:\/\/treballdecamp.com\/en\/wp-json\/wp\/v2\/users\/1"}],"replies":[{"embeddable":true,"href":"http:\/\/treballdecamp.com\/en\/wp-json\/wp\/v2\/comments?post=991"}],"version-history":[{"count":18,"href":"http:\/\/treballdecamp.com\/en\/wp-json\/wp\/v2\/pages\/991\/revisions"}],"predecessor-version":[{"id":1200,"href":"http:\/\/treballdecamp.com\/en\/wp-json\/wp\/v2\/pages\/991\/revisions\/1200"}],"wp:attachment":[{"href":"http:\/\/treballdecamp.com\/en\/wp-json\/wp\/v2\/media?parent=991"}],"curies":[{"name":"wp","href":"https:\/\/api.w.org\/{rel}","templated":true}]}}